{"id":1077,"date":"2023-10-05T16:13:34","date_gmt":"2023-10-05T16:13:34","guid":{"rendered":"https:\/\/www.riverchurch.it\/?page_id=1077"},"modified":"2023-11-09T21:02:13","modified_gmt":"2023-11-09T21:02:13","slug":"scuola-biblica-peniel","status":"publish","type":"page","link":"https:\/\/riverchurch.it\/index.php\/scuola-biblica-peniel\/","title":{"rendered":"Scuola Biblica Peniel"},"content":{"rendered":"\n<div class=\"wp-block-columns is-layout-flex wp-container-51\">\n<div class=\"wp-block-column has-col-ffffff-background-color has-background is-layout-flow\">\n<div class=\"wp-block-columns has-background is-layout-flex wp-container-7\" style=\"background-color:#ffffff00\">\n<div class=\"wp-block-column is-layout-flow\" style=\"flex-basis:33.33%\">\n<figure class=\"wp-block-image size-full\"><a href=\"https:\/\/www.riverchurch.it\/wp-content\/uploads\/2023\/11\/PENIEL-logo-ok-1.png\"><img fetchpriority=\"high\" decoding=\"async\" width=\"1024\" height=\"796\" src=\"https:\/\/www.riverchurch.it\/wp-content\/uploads\/2023\/11\/PENIEL-logo-ok-1.png\" alt=\"\" class=\"wp-image-1458\" srcset=\"https:\/\/riverchurch.it\/wp-content\/uploads\/2023\/11\/PENIEL-logo-ok-1.png 1024w, https:\/\/riverchurch.it\/wp-content\/uploads\/2023\/11\/PENIEL-logo-ok-1-300x233.png 300w, https:\/\/riverchurch.it\/wp-content\/uploads\/2023\/11\/PENIEL-logo-ok-1-768x597.png 768w, https:\/\/riverchurch.it\/wp-content\/uploads\/2023\/11\/PENIEL-logo-ok-1-705x548.png 705w, https:\/\/riverchurch.it\/wp-content\/uploads\/2023\/11\/PENIEL-logo-ok-1-450x350.png 450w\" sizes=\"(max-width: 1024px) 100vw, 1024px\" \/><\/a><\/figure>\n<\/div>\n\n\n\n<div class=\"wp-block-column is-vertically-aligned-center is-layout-flow\" style=\"flex-basis:66.66%\">\n<div class=\"wp-block-group is-layout-constrained\">\n<div class=\"wp-block-columns is-layout-flex wp-container-4\">\n<div class=\"wp-block-column has-text-color is-layout-flow\" style=\"color:#110066;flex-basis:100%\">\n<div class=\"wp-block-group is-layout-constrained\">\n<h1 class=\"wp-block-heading has-text-align-center has-text-color has-fs-49-px-font-size\" style=\"color:#110066\">SCUOLA DI FORMAZIONE BIBLICA PENIEL<\/h1>\n<\/div>\n<\/div>\n<\/div>\n<\/div>\n<\/div>\n<\/div>\n\n\n\n<div class=\"wp-block-columns is-layout-flex wp-container-10\">\n<div class=\"wp-block-column is-layout-flow\" style=\"flex-basis:66.66%\">\n<p><\/p>\n\n\n\n<h2 class=\"wp-block-heading has-text-align-center has-text-color has-fs-36-px-font-size\" style=\"color:#110066\"><strong>Vedere ogni servo di Dio equipaggiato e pronto a servirlo<\/strong><\/h2>\n\n\n\n<p class=\"has-text-align-center has-text-color has-fs-21-px-font-size\" style=\"color:#110066\"><strong>Il nostro desiderio<\/strong> attraverso la Scuola di Formazione Biblica PENIEL <strong>\u00e8 di vedere ogni servo di Dio equipaggiato e pronto a servirlo principalmente nella propria Chiesa Locale <\/strong>(la Chiesa \u00e8 la palestra del credente,) e in ogni luogo sulla terra dove il Signore lo chiamer\u00e0. PENIEL, il nome che Giacobbe diede al luogo dove incontr\u00f2 Dio, simboleggia <strong>una speciale relazione di intimit\u00e0 col Padre Creatore di ogni cosa<\/strong>. Vedere la faccia di Dio rappresenta<strong> la Conoscenza della sua Personalit\u00e0 del suo modo di Vedere, Parlare, Pensare, Sentire e Muoversi.<\/strong><\/p>\n<\/div>\n\n\n\n<div class=\"wp-block-column is-layout-flow\" style=\"flex-basis:33.33%\">\n<figure class=\"wp-block-image size-large\"><a href=\"https:\/\/www.riverchurch.it\/wp-content\/uploads\/2023\/11\/Progetto-senza-titolo6-1.png\"><img decoding=\"async\" width=\"1030\" height=\"687\" src=\"https:\/\/www.riverchurch.it\/wp-content\/uploads\/2023\/11\/Progetto-senza-titolo6-1-1030x687.png\" alt=\"\" class=\"wp-image-1382\" srcset=\"https:\/\/riverchurch.it\/wp-content\/uploads\/2023\/11\/Progetto-senza-titolo6-1-1030x687.png 1030w, https:\/\/riverchurch.it\/wp-content\/uploads\/2023\/11\/Progetto-senza-titolo6-1-300x200.png 300w, https:\/\/riverchurch.it\/wp-content\/uploads\/2023\/11\/Progetto-senza-titolo6-1-768x512.png 768w, https:\/\/riverchurch.it\/wp-content\/uploads\/2023\/11\/Progetto-senza-titolo6-1-1536x1024.png 1536w, https:\/\/riverchurch.it\/wp-content\/uploads\/2023\/11\/Progetto-senza-titolo6-1-1500x1000.png 1500w, https:\/\/riverchurch.it\/wp-content\/uploads\/2023\/11\/Progetto-senza-titolo6-1-705x470.png 705w, https:\/\/riverchurch.it\/wp-content\/uploads\/2023\/11\/Progetto-senza-titolo6-1-450x300.png 450w, https:\/\/riverchurch.it\/wp-content\/uploads\/2023\/11\/Progetto-senza-titolo6-1.png 1620w\" sizes=\"(max-width: 1030px) 100vw, 1030px\" \/><\/a><\/figure>\n<\/div>\n<\/div>\n\n\n\n<div class=\"wp-block-columns is-layout-flex wp-container-16\">\n<div class=\"wp-block-column has-background is-layout-flow\" style=\"background-color:#ffffff00\">\n<h2 class=\"wp-block-heading has-text-align-center has-text-color has-fs-50-px-font-size\" style=\"color:#110066\"><strong>La Scuola di Formazione Biblica PENIEL<\/strong><\/h2>\n\n\n\n<div style=\"height:2px\" aria-hidden=\"true\" class=\"wp-block-spacer\"><\/div>\n\n\n\n<div class=\"wp-block-columns is-layout-flex wp-container-14\">\n<div class=\"wp-block-column has-text-color has-fs-17-px-font-size is-layout-flow\" style=\"color:#110066\">\n<ul>\n<li class=\"has-fs-20-px-font-size\">Insegnare la Parola Vivente (Bibbia) ad ogni studente, affinch\u00e9 abbia effetto nella propria vita<\/li>\n<\/ul>\n<\/div>\n\n\n\n<div class=\"wp-block-column has-text-color is-layout-flow\" style=\"color:#110066\">\n<ul>\n<li class=\"has-fs-20-px-font-size\">Impartire Conoscenza e Rivelazione della Parola di Dio a credenti di ogni confessione religiosa di carattere cristiano<\/li>\n<\/ul>\n<\/div>\n\n\n\n<div class=\"wp-block-column has-text-color is-layout-flow\" style=\"color:#110066\">\n<ul>\n<li class=\"has-fs-20-px-font-size\">Preparare ogni studente ad applicare la Parola nella sua vita e nel suo Ministero.<\/li>\n<\/ul>\n<\/div>\n<\/div>\n<\/div>\n<\/div>\n\n\n\n<div class=\"wp-block-columns is-layout-flex wp-container-49\">\n<div class=\"wp-block-column is-layout-flow\">\n<div class=\"wp-block-columns is-layout-flex wp-container-19\">\n<div class=\"wp-block-column is-layout-flow\" style=\"flex-basis:66.66%\">\n<p class=\"has-text-align-center has-text-color has-fs-30-px-font-size\" style=\"color:#110066\"><strong>GLI STUDENTI SARANNO INCORAGGIATI A:<\/strong>  <\/p>\n\n\n\n<div style=\"height:24px\" aria-hidden=\"true\" class=\"wp-block-spacer\"><\/div>\n\n\n\n<ul class=\"has-text-color has-fs-19-px-font-size\" style=\"color:#110066\">\n<li class=\"has-fs-20-px-font-size\"><strong>Sviluppare <\/strong>la propria relazione con Dio in modo pi\u00f9 profondo<\/li>\n\n\n\n<li class=\"has-fs-20-px-font-size\"><strong>Costruire <\/strong>una solida identit\u00e0 un forte carattere Cristiano (il carattere supporta l\u2019Unzione)<\/li>\n\n\n\n<li class=\"has-fs-20-px-font-size\"><strong>Crescere <\/strong>spiritualmente, nella Conoscenza, nella Parola e nella Fede<\/li>\n\n\n\n<li class=\"has-fs-20-px-font-size\"><strong>Fluire <\/strong>nell\u2019Unzione dello Spirito Santo<\/li>\n\n\n\n<li class=\"has-fs-20-px-font-size\">Diventare dinamici <strong>comunicatori <\/strong>dell\u2019Evangelo<\/li>\n\n\n\n<li class=\"has-fs-20-px-font-size\">Essere <strong>attivi <\/strong>ed <strong>audaci <\/strong>nella propria Comunit\u00e0 <strong>cooperando <\/strong>per il buon funzionamento del Regno di Dio<\/li>\n\n\n\n<li class=\"has-fs-20-px-font-size\"><strong>Adempiere<\/strong> pienamente lo scopo divino nella propria vita<\/li>\n<\/ul>\n<\/div>\n\n\n\n<div class=\"wp-block-column is-layout-flow\" style=\"flex-basis:33.33%\">\n<figure class=\"wp-block-image size-full is-resized\"><a href=\"https:\/\/www.riverchurch.it\/wp-content\/uploads\/2023\/11\/Progetto-senza-titolo8.png\"><img decoding=\"async\" src=\"https:\/\/www.riverchurch.it\/wp-content\/uploads\/2023\/11\/Progetto-senza-titolo8.png\" alt=\"\" class=\"wp-image-1386\" width=\"412\" height=\"345\" srcset=\"https:\/\/riverchurch.it\/wp-content\/uploads\/2023\/11\/Progetto-senza-titolo8.png 940w, https:\/\/riverchurch.it\/wp-content\/uploads\/2023\/11\/Progetto-senza-titolo8-300x251.png 300w, https:\/\/riverchurch.it\/wp-content\/uploads\/2023\/11\/Progetto-senza-titolo8-768x644.png 768w, https:\/\/riverchurch.it\/wp-content\/uploads\/2023\/11\/Progetto-senza-titolo8-705x591.png 705w, https:\/\/riverchurch.it\/wp-content\/uploads\/2023\/11\/Progetto-senza-titolo8-450x377.png 450w\" sizes=\"(max-width: 412px) 100vw, 412px\" \/><\/a><\/figure>\n<\/div>\n<\/div>\n\n\n\n<div class=\"wp-block-columns is-layout-flex wp-container-47\">\n<div class=\"wp-block-column has-text-color is-layout-flow\" style=\"color:#110066\">\n<h2 class=\"wp-block-heading has-text-align-center has-fs-38-px-font-size\"><strong>SOGGETTI DI STUDIO SCELTI PER LA FORMAZIONE DEGLI STUDENTI:<\/strong><\/h2>\n\n\n\n<p class=\"has-fs-25-px-font-size\">La Scuola Di Formazione Biblica PENIEL avr\u00e0 la durata di tre anni, all\u2019interno dei quali lo studente sar\u00e0 guidato e formato attraverso un percorso di studio che lo porter\u00e0 ad acquisire conoscenze approfondire competenze riguardanti le seguenti tematiche:<\/p>\n\n\n\n<div class=\"wp-block-columns is-layout-flex wp-container-45\">\n<div class=\"wp-block-column is-vertically-aligned-center has-text-color is-layout-flow\" style=\"color:#110066\">\n<div class=\"wp-block-columns is-layout-flex wp-container-26\">\n<div class=\"wp-block-column is-layout-flow\">\n<h2 class=\"wp-block-heading has-text-align-center\"><span style=\"text-decoration: underline;\">SOGGETTI DI STUDIO DEL 1\u00b0 ANNO <\/span><\/h2>\n\n\n\n<div class=\"wp-block-columns is-layout-flex wp-container-24\">\n<div class=\"wp-block-column is-vertically-aligned-center is-layout-flow\">\n<div class=\"wp-block-columns is-layout-flex wp-container-22\">\n<div class=\"wp-block-column is-layout-flow\">\n<ul>\n<li><strong>1. OBBEDIENZA COME STILE DI VITA<\/strong><\/li>\n\n\n\n<li><strong>2. MINISTERO DEGLI AIUTI<\/strong><\/li>\n\n\n\n<li><strong>3. REALT\u00c0 REDENTIVE<\/strong><\/li>\n\n\n\n<li><strong>4. LA GUARIGIONE DIVINA<\/strong><\/li>\n\n\n\n<li><strong>5. FEDE<\/strong><\/li>\n\n\n\n<li><strong>6. IDENTIFICARE L\u2019UNZIONE<\/strong><\/li>\n\n\n\n<li><strong>7. IL PATTO DI SANGUE<\/strong><\/li>\n<\/ul>\n<\/div>\n\n\n\n<div class=\"wp-block-column is-layout-flow\">\n<ul>\n<li><strong>8. GIUSTIZIA<\/strong><\/li>\n\n\n\n<li><strong>9. LA VITA DI CRISTO<\/strong><\/li>\n\n\n\n<li><strong>10. COME ASCOLATRE LA VOCE DI DIO<\/strong><\/li>\n\n\n\n<li><strong>11. ANGELI E DEMONI<\/strong><\/li>\n\n\n\n<li><strong>12. AUTORIT\u00c0 DEL CREDENTE<\/strong><\/li>\n\n\n\n<li><strong>13. VIVERE UNA VITA IN PACE E VITTORIA<\/strong><\/li>\n\n\n\n<li><strong>14. LA TATTICA DIVINA PER VINCERE<\/strong><\/li>\n<\/ul>\n<\/div>\n<\/div>\n<\/div>\n<\/div>\n<\/div>\n<\/div>\n\n\n\n<div class=\"wp-block-columns is-layout-flex wp-container-36\">\n<div class=\"wp-block-column is-layout-flow\">\n<h2 class=\"wp-block-heading has-text-align-center\"><span style=\"text-decoration: underline;\">SOGGETTI DI STUDIO DEL 2\u00b0 ANNO <\/span><\/h2>\n\n\n\n<div class=\"wp-block-columns is-layout-flex wp-container-29\">\n<div class=\"wp-block-column is-layout-flow\">\n<ul>\n<li><strong>1. IL RINNOVAMENTO DELLA MENTE<\/strong><\/li>\n\n\n\n<li><strong>2. LA GUIDA DALLO SPIRITO SANTO<\/strong><\/li>\n\n\n\n<li><strong>3. PANORAMICA DEL VECCHIO TESTAMENTO<\/strong><\/li>\n\n\n\n<li><strong>4. PANORAMICA DEL NUOVO TESTAMENTO<\/strong><\/li>\n\n\n\n<li><strong>5. LE DOTTRINE DELLA BIBBIA<\/strong><\/li>\n\n\n\n<li><strong>6. I CONFINI DELLLA PROPRIA VITA<\/strong><\/li>\n\n\n\n<li><strong>7. SCIENZA E BIBBIA A CONFRONTO<\/strong><\/li>\n<\/ul>\n<\/div>\n\n\n\n<div class=\"wp-block-column is-layout-flow\">\n<ul>\n<li><strong>8. CRISTO NEL TABERNACOLO<\/strong><\/li>\n\n\n\n<li><strong>9. DARE E RICEVERE<\/strong><\/li>\n\n\n\n<li><strong>10. VITA D\u2019ONORE<\/strong><\/li>\n\n\n\n<li><strong>11. LA CHIESA TRIONFANTE<\/strong><\/li>\n\n\n\n<li><strong>12. CHIAVI PER LA MATURIT\u00c0 SPIRITUALE<\/strong><\/li>\n\n\n\n<li><strong>13. PNEUMATOLOGIA<\/strong><\/li>\n\n\n\n<li><strong>14. GEOGRAFIA BIBLICA<\/strong><\/li>\n<\/ul>\n<\/div>\n<\/div>\n\n\n\n<div style=\"height:9px\" aria-hidden=\"true\" class=\"wp-block-spacer\"><\/div>\n\n\n\n<div class=\"wp-block-columns is-layout-flex wp-container-31\">\n<div class=\"wp-block-column is-layout-flow\">\n<h2 class=\"wp-block-heading has-text-align-center\"><span style=\"text-decoration: underline;\">SOGGETTI DI STUDIO DEL 3\u00b0 ANNO <\/span><\/h2>\n<\/div>\n<\/div>\n\n\n\n<div style=\"height:9px\" aria-hidden=\"true\" class=\"wp-block-spacer\"><\/div>\n\n\n\n<div class=\"wp-block-columns is-layout-flex wp-container-34\">\n<div class=\"wp-block-column is-layout-flow\">\n<ul>\n<li><strong>1. IL VERO LEADER<\/strong><\/li>\n\n\n\n<li><strong>2. LA CONSULENZA CRISTIANA<\/strong><\/li>\n\n\n\n<li><strong>3. RELIGIONI NEL MONDO<\/strong><\/li>\n\n\n\n<li><strong>4. IL GOVERNO DI CHIESA<\/strong><\/li>\n\n\n\n<li><strong>5. LIBERAZIONE<\/strong><\/li>\n\n\n\n<li><strong>6. STORIA DELLA CHIESA ANTICA E MODERNA<\/strong><\/li>\n<\/ul>\n<\/div>\n\n\n\n<div class=\"wp-block-column is-layout-flow\">\n<ul>\n<li><strong>7. ERMENEUTICA \u2013 OMILETICA \u2013 ESEGESI<\/strong><\/li>\n\n\n\n<li><strong>8. ETICA MINISTERIALE<\/strong><\/li>\n\n\n\n<li><strong>9. COME STRUTTURARE UN MESSAGGIO<\/strong><\/li>\n\n\n\n<li><strong>10. COME STUDIARE LA BIBBIA<\/strong><\/li>\n\n\n\n<li><strong>11. MINISTERO ITINERANTE<\/strong><\/li>\n\n\n\n<li><strong>12. DONI MINISTERIALI<\/strong><\/li>\n<\/ul>\n<\/div>\n<\/div>\n<\/div>\n<\/div>\n\n\n\n<div class=\"wp-block-columns is-layout-flex wp-container-43\">\n<div class=\"wp-block-column is-layout-flow\">\n<div class=\"wp-block-columns is-layout-flex wp-container-40\">\n<div class=\"wp-block-column is-layout-flow\" style=\"flex-basis:66.66%\">\n<h2 class=\"wp-block-heading has-text-align-right has-fs-32-px-font-size\"><strong>  INCORAGGIAMENTO E SALUTI<\/strong><\/h2>\n\n\n\n<p><\/p>\n\n\n\n<div class=\"wp-block-group is-layout-constrained\">\n<p class=\"has-text-align-center has-fs-19-px-font-size\"><strong>Il nostro desiderio \u00e8 quello che tutti possano partecipare alla Scuola di Formazione Biblica PENIEL,<\/strong> <strong>incoraggiando le persone ad essere esposte ai fantastici insegnamenti della Parola di Dio, per crescere nella<\/strong> <strong>Conoscenza, nella Rivelazione e nell\u2019Unzione<\/strong>. Questo permetter\u00e0 di velocizzare il processo di crescita personale, divenendo non solo pi\u00f9 forti, ma anche poter essere un aiuto ed un punto di riferimento per altri.<\/p>\n<\/div>\n\n\n\n<p class=\"has-text-align-center has-fs-19-px-font-size\"><strong>Salmo 119:105<\/strong> La tua parola \u00e8 una lampada al mio piede e una luce sul mio sentiero.<\/p>\n<\/div>\n\n\n\n<div class=\"wp-block-column is-layout-flow\" style=\"flex-basis:33.33%\">\n<figure class=\"wp-block-image aligncenter size-full is-resized\"><a href=\"https:\/\/www.riverchurch.it\/wp-content\/uploads\/2023\/11\/Progetto-senza-titolo9.png\"><img loading=\"lazy\" decoding=\"async\" src=\"https:\/\/www.riverchurch.it\/wp-content\/uploads\/2023\/11\/Progetto-senza-titolo9.png\" alt=\"\" class=\"wp-image-1387\" width=\"390\" height=\"327\" srcset=\"https:\/\/riverchurch.it\/wp-content\/uploads\/2023\/11\/Progetto-senza-titolo9.png 940w, https:\/\/riverchurch.it\/wp-content\/uploads\/2023\/11\/Progetto-senza-titolo9-300x251.png 300w, https:\/\/riverchurch.it\/wp-content\/uploads\/2023\/11\/Progetto-senza-titolo9-768x644.png 768w, https:\/\/riverchurch.it\/wp-content\/uploads\/2023\/11\/Progetto-senza-titolo9-705x591.png 705w, https:\/\/riverchurch.it\/wp-content\/uploads\/2023\/11\/Progetto-senza-titolo9-450x377.png 450w\" sizes=\"(max-width: 390px) 100vw, 390px\" \/><\/a><\/figure>\n<\/div>\n<\/div>\n\n\n\n<div class=\"wp-block-buttons is-content-justification-center is-layout-flex wp-container-41\">\n<div class=\"wp-block-button is-style-fill\" style=\"font-style:normal;font-weight:100;text-transform:uppercase\"><a class=\"wp-block-button__link has-col-ffffff-color has-col-000000-background-color has-text-color has-background wp-element-button\" href=\"https:\/\/www.riverchurch.it\/index.php\/area-studenti-scuola-biblica\/\">Accedi all&#8217;Area Studenti<\/a><\/div>\n<\/div>\n<\/div>\n<\/div>\n<\/div>\n<\/div>\n<\/div>\n<\/div>\n<\/div>\n<\/div>\n<\/div>\n<\/div>\n","protected":false},"excerpt":{"rendered":"<p>SCUOLA DI FORMAZIONE BIBLICA PENIEL Vedere ogni servo di Dio equipaggiato e pronto a servirlo Il nostro desiderio attraverso la Scuola di Formazione Biblica PENIEL \u00e8 di vedere ogni servo [&hellip;]<\/p>\n","protected":false},"author":1,"featured_media":0,"parent":0,"menu_order":0,"comment_status":"closed","ping_status":"closed","template":"","meta":{"site-sidebar-layout":"default","site-content-layout":"","ast-site-content-layout":"default","site-content-style":"default","site-sidebar-style":"default","ast-global-header-display":"","ast-banner-title-visibility":"","ast-main-header-display":"","ast-hfb-above-header-display":"","ast-hfb-below-header-display":"","ast-hfb-mobile-header-display":"","site-post-title":"","ast-breadcrumbs-content":"","ast-featured-img":"","footer-sml-layout":"","theme-transparent-header-meta":"","adv-header-id-meta":"","stick-header-meta":"","header-above-stick-meta":"","header-main-stick-meta":"","header-below-stick-meta":"","astra-migrate-meta-layouts":"default","ast-page-background-enabled":"default","ast-page-background-meta":{"desktop":{"background-color":"var(--ast-global-color-5)","background-image":"","background-repeat":"repeat","background-position":"center center","background-size":"auto","background-attachment":"scroll","background-type":"","background-media":"","overlay-type":"","overlay-color":"","overlay-opacity":"","overlay-gradient":""},"tablet":{"background-color":"","background-image":"","background-repeat":"repeat","background-position":"center center","background-size":"auto","background-attachment":"scroll","background-type":"","background-media":"","overlay-type":"","overlay-color":"","overlay-opacity":"","overlay-gradient":""},"mobile":{"background-color":"","background-image":"","background-repeat":"repeat","background-position":"center center","background-size":"auto","background-attachment":"scroll","background-type":"","background-media":"","overlay-type":"","overlay-color":"","overlay-opacity":"","overlay-gradient":""}},"ast-content-background-meta":{"desktop":{"background-color":"var(--ast-global-color-4)","background-image":"","background-repeat":"repeat","background-position":"center center","background-size":"auto","background-attachment":"scroll","background-type":"","background-media":"","overlay-type":"","overlay-color":"","overlay-opacity":"","overlay-gradient":""},"tablet":{"background-color":"var(--ast-global-color-4)","background-image":"","background-repeat":"repeat","background-position":"center center","background-size":"auto","background-attachment":"scroll","background-type":"","background-media":"","overlay-type":"","overlay-color":"","overlay-opacity":"","overlay-gradient":""},"mobile":{"background-color":"var(--ast-global-color-4)","background-image":"","background-repeat":"repeat","background-position":"center center","background-size":"auto","background-attachment":"scroll","background-type":"","background-media":"","overlay-type":"","overlay-color":"","overlay-opacity":"","overlay-gradient":""}}},"yoast_head":"<!-- This site is optimized with the Yoast SEO plugin v21.7 - https:\/\/yoast.com\/wordpress\/plugins\/seo\/ -->\n<title>Scuola Biblica Peniel -<\/title>\n<meta name=\"robots\" content=\"index, follow, max-snippet:-1, max-image-preview:large, max-video-preview:-1\" \/>\n<link rel=\"canonical\" href=\"https:\/\/riverchurch.it\/index.php\/scuola-biblica-peniel\/\" \/>\n<meta property=\"og:locale\" content=\"it_IT\" \/>\n<meta property=\"og:type\" content=\"article\" \/>\n<meta property=\"og:title\" content=\"Scuola Biblica Peniel -\" \/>\n<meta property=\"og:description\" content=\"SCUOLA DI FORMAZIONE BIBLICA PENIEL Vedere ogni servo di Dio equipaggiato e pronto a servirlo Il nostro desiderio attraverso la Scuola di Formazione Biblica PENIEL \u00e8 di vedere ogni servo [&hellip;]\" \/>\n<meta property=\"og:url\" content=\"https:\/\/riverchurch.it\/index.php\/scuola-biblica-peniel\/\" \/>\n<meta property=\"article:publisher\" content=\"https:\/\/www.facebook.com\/riverchurch.it\" \/>\n<meta property=\"article:modified_time\" content=\"2023-11-09T21:02:13+00:00\" \/>\n<meta property=\"og:image\" content=\"https:\/\/www.riverchurch.it\/wp-content\/uploads\/2023\/11\/PENIEL-logo-ok-1.png\" \/>\n<meta name=\"twitter:card\" content=\"summary_large_image\" \/>\n<meta name=\"twitter:label1\" content=\"Tempo di lettura stimato\" \/>\n\t<meta name=\"twitter:data1\" content=\"4 minuti\" \/>\n<script type=\"application\/ld+json\" class=\"yoast-schema-graph\">{\"@context\":\"https:\/\/schema.org\",\"@graph\":[{\"@type\":\"WebPage\",\"@id\":\"https:\/\/riverchurch.it\/index.php\/scuola-biblica-peniel\/\",\"url\":\"https:\/\/riverchurch.it\/index.php\/scuola-biblica-peniel\/\",\"name\":\"Scuola Biblica Peniel -\",\"isPartOf\":{\"@id\":\"https:\/\/riverchurch.it\/#website\"},\"datePublished\":\"2023-10-05T16:13:34+00:00\",\"dateModified\":\"2023-11-09T21:02:13+00:00\",\"breadcrumb\":{\"@id\":\"https:\/\/riverchurch.it\/index.php\/scuola-biblica-peniel\/#breadcrumb\"},\"inLanguage\":\"it-IT\",\"potentialAction\":[{\"@type\":\"ReadAction\",\"target\":[\"https:\/\/riverchurch.it\/index.php\/scuola-biblica-peniel\/\"]}]},{\"@type\":\"BreadcrumbList\",\"@id\":\"https:\/\/riverchurch.it\/index.php\/scuola-biblica-peniel\/#breadcrumb\",\"itemListElement\":[{\"@type\":\"ListItem\",\"position\":1,\"name\":\"Home\",\"item\":\"https:\/\/riverchurch.it\/\"},{\"@type\":\"ListItem\",\"position\":2,\"name\":\"Scuola Biblica Peniel\"}]},{\"@type\":\"WebSite\",\"@id\":\"https:\/\/riverchurch.it\/#website\",\"url\":\"https:\/\/riverchurch.it\/\",\"name\":\"\",\"description\":\"The Real Church, The Real Family\",\"potentialAction\":[{\"@type\":\"SearchAction\",\"target\":{\"@type\":\"EntryPoint\",\"urlTemplate\":\"https:\/\/riverchurch.it\/?s={search_term_string}\"},\"query-input\":\"required name=search_term_string\"}],\"inLanguage\":\"it-IT\"}]}<\/script>\n<!-- \/ Yoast SEO plugin. -->","yoast_head_json":{"title":"Scuola Biblica Peniel -","robots":{"index":"index","follow":"follow","max-snippet":"max-snippet:-1","max-image-preview":"max-image-preview:large","max-video-preview":"max-video-preview:-1"},"canonical":"https:\/\/riverchurch.it\/index.php\/scuola-biblica-peniel\/","og_locale":"it_IT","og_type":"article","og_title":"Scuola Biblica Peniel -","og_description":"SCUOLA DI FORMAZIONE BIBLICA PENIEL Vedere ogni servo di Dio equipaggiato e pronto a servirlo Il nostro desiderio attraverso la Scuola di Formazione Biblica PENIEL \u00e8 di vedere ogni servo [&hellip;]","og_url":"https:\/\/riverchurch.it\/index.php\/scuola-biblica-peniel\/","article_publisher":"https:\/\/www.facebook.com\/riverchurch.it","article_modified_time":"2023-11-09T21:02:13+00:00","og_image":[{"url":"https:\/\/www.riverchurch.it\/wp-content\/uploads\/2023\/11\/PENIEL-logo-ok-1.png"}],"twitter_card":"summary_large_image","twitter_misc":{"Tempo di lettura stimato":"4 minuti"},"schema":{"@context":"https:\/\/schema.org","@graph":[{"@type":"WebPage","@id":"https:\/\/riverchurch.it\/index.php\/scuola-biblica-peniel\/","url":"https:\/\/riverchurch.it\/index.php\/scuola-biblica-peniel\/","name":"Scuola Biblica Peniel -","isPartOf":{"@id":"https:\/\/riverchurch.it\/#website"},"datePublished":"2023-10-05T16:13:34+00:00","dateModified":"2023-11-09T21:02:13+00:00","breadcrumb":{"@id":"https:\/\/riverchurch.it\/index.php\/scuola-biblica-peniel\/#breadcrumb"},"inLanguage":"it-IT","potentialAction":[{"@type":"ReadAction","target":["https:\/\/riverchurch.it\/index.php\/scuola-biblica-peniel\/"]}]},{"@type":"BreadcrumbList","@id":"https:\/\/riverchurch.it\/index.php\/scuola-biblica-peniel\/#breadcrumb","itemListElement":[{"@type":"ListItem","position":1,"name":"Home","item":"https:\/\/riverchurch.it\/"},{"@type":"ListItem","position":2,"name":"Scuola Biblica Peniel"}]},{"@type":"WebSite","@id":"https:\/\/riverchurch.it\/#website","url":"https:\/\/riverchurch.it\/","name":"","description":"The Real Church, The Real Family","potentialAction":[{"@type":"SearchAction","target":{"@type":"EntryPoint","urlTemplate":"https:\/\/riverchurch.it\/?s={search_term_string}"},"query-input":"required name=search_term_string"}],"inLanguage":"it-IT"}]}},"jetpack_sharing_enabled":true,"_links":{"self":[{"href":"https:\/\/riverchurch.it\/index.php\/wp-json\/wp\/v2\/pages\/1077"}],"collection":[{"href":"https:\/\/riverchurch.it\/index.php\/wp-json\/wp\/v2\/pages"}],"about":[{"href":"https:\/\/riverchurch.it\/index.php\/wp-json\/wp\/v2\/types\/page"}],"author":[{"embeddable":true,"href":"https:\/\/riverchurch.it\/index.php\/wp-json\/wp\/v2\/users\/1"}],"replies":[{"embeddable":true,"href":"https:\/\/riverchurch.it\/index.php\/wp-json\/wp\/v2\/comments?post=1077"}],"version-history":[{"count":51,"href":"https:\/\/riverchurch.it\/index.php\/wp-json\/wp\/v2\/pages\/1077\/revisions"}],"predecessor-version":[{"id":1468,"href":"https:\/\/riverchurch.it\/index.php\/wp-json\/wp\/v2\/pages\/1077\/revisions\/1468"}],"wp:attachment":[{"href":"https:\/\/riverchurch.it\/index.php\/wp-json\/wp\/v2\/media?parent=1077"}],"curies":[{"name":"wp","href":"https:\/\/api.w.org\/{rel}","templated":true}]}}